{"id":60,"date":"2018-02-06T14:09:12","date_gmt":"2018-02-06T13:09:12","guid":{"rendered":"http:\/\/www.jlu.u-psud.fr\/?page_id=60"},"modified":"2023-06-07T13:40:13","modified_gmt":"2023-06-07T12:40:13","slug":"comment-sy-rendre","status":"publish","type":"page","link":"https:\/\/www.jlu.universite-paris-saclay.fr\/?page_id=60","title":{"rendered":"Se rendre \u00e0 la journ\u00e9e"},"content":{"rendered":"\n<p>L&rsquo;accueil de la journ\u00e9e se d\u00e9roule au <strong>B\u00e2timent 338 &#8211; b\u00e2timent des colloques<\/strong>, rue du doyen Andr\u00e9 Guinier, Universit\u00e9 Paris-Sud, 91405 Orsay.<\/p>\n\n\n\n<p>En RER : RER B, direction Saint-R\u00e9my-les-Chevreuse, station Orsay-Ville ou Bures-sur-Yvette, puis 5 \u00e0 10 min de marche jusqu&rsquo;au b\u00e2timent.<\/p>\n\n\n\n<p>En voiture : par la N118 (sortie Orsay-Ville) ou l&rsquo;autoroute A10 (sortie Les Ulis)<\/p>\n\n\n\n<p><em><a href=\"https:\/\/www.universite-paris-saclay.fr\/luniversite\/les-campus\/plans-des-campus\" target=\"_blank\" rel=\"noreferrer noopener\" aria-label=\" (s\u2019ouvre dans un nouvel onglet)\">Tous les plans du campus, les r\u00e9seau de bus, les parkings&#8230;.<\/a><br><\/em><\/p>\n\n\n\n<p><iframe src=\"https:\/\/www.google.com\/maps\/embed?pb=!1m18!1m12!1m3!1d2633.1474756474813!2d2.1680502158331194!3d48.70266211961282!2m3!1f0!2f0!3f0!3m2!1i1024!2i768!4f13.1!3m3!1m2!1s0x47e67f1fdb5ec00d%3A0x49e1036636363129!2sB%C3%A2timent%20338!5e0!3m2!1sfr!2sfr!4v1637830421658!5m2!1sfr!2sfr\" style=\"border:0;\" allowfullscreen=\"\" loading=\"lazy\" width=\"600\" height=\"450\"><\/iframe><\/p>\n","protected":false},"excerpt":{"rendered":"<p>L&rsquo;accueil de la journ\u00e9e se d\u00e9roule au B\u00e2timent 338 &#8211; b\u00e2timent des colloques, rue du doyen Andr\u00e9 Guinier, Universit\u00e9 Paris-Sud, 91405 Orsay. En RER : RER B, direction Saint-R\u00e9my-les-Chevreuse, station Orsay-Ville ou Bures-sur-Yvette, puis 5 \u00e0 10 min de marche jusqu&rsquo;au b\u00e2timent. En voiture : par la N118 (sortie Orsay-Ville) ou l&rsquo;autoroute A10 (sortie Les &hellip; <\/p>\n<p class=\"link-more\"><a href=\"https:\/\/www.jlu.universite-paris-saclay.fr\/?page_id=60\" class=\"more-link\">Continuer la lecture<span class=\"screen-reader-text\"> de &laquo;&nbsp;Se rendre \u00e0 la journ\u00e9e&nbsp;&raquo;<\/span><\/a><\/p>\n","protected":false},"author":3,"featured_media":0,"parent":0,"menu_order":0,"comment_status":"closed","ping_status":"closed","template":"","meta":{"footnotes":""},"class_list":["post-60","page","type-page","status-publish","hentry"],"_links":{"self":[{"href":"https:\/\/www.jlu.universite-paris-saclay.fr\/index.php?rest_route=\/wp\/v2\/pages\/60","targetHints":{"allow":["GET"]}}],"collection":[{"href":"https:\/\/www.jlu.universite-paris-saclay.fr\/index.php?rest_route=\/wp\/v2\/pages"}],"about":[{"href":"https:\/\/www.jlu.universite-paris-saclay.fr\/index.php?rest_route=\/wp\/v2\/types\/page"}],"author":[{"embeddable":true,"href":"https:\/\/www.jlu.universite-paris-saclay.fr\/index.php?rest_route=\/wp\/v2\/users\/3"}],"replies":[{"embeddable":true,"href":"https:\/\/www.jlu.universite-paris-saclay.fr\/index.php?rest_route=%2Fwp%2Fv2%2Fcomments&post=60"}],"version-history":[{"count":16,"href":"https:\/\/www.jlu.universite-paris-saclay.fr\/index.php?rest_route=\/wp\/v2\/pages\/60\/revisions"}],"predecessor-version":[{"id":850,"href":"https:\/\/www.jlu.universite-paris-saclay.fr\/index.php?rest_route=\/wp\/v2\/pages\/60\/revisions\/850"}],"wp:attachment":[{"href":"https:\/\/www.jlu.universite-paris-saclay.fr\/index.php?rest_route=%2Fwp%2Fv2%2Fmedia&parent=60"}],"curies":[{"name":"wp","href":"https:\/\/api.w.org\/{rel}","templated":true}]}}