{"id":270,"date":"2018-11-12T16:20:52","date_gmt":"2018-11-12T15:20:52","guid":{"rendered":"http:\/\/www.jlu.u-psud.fr\/?page_id=270"},"modified":"2019-01-25T10:22:32","modified_gmt":"2019-01-25T09:22:32","slug":"jlu-2015","status":"publish","type":"page","link":"https:\/\/www.jlu.universite-paris-saclay.fr\/?page_id=270","title":{"rendered":"JLU 2015"},"content":{"rendered":"<h2>JLU 2015<\/h2>\n<p><img loading=\"lazy\" decoding=\"async\" class=\"alignnone size-medium wp-image-322\" src=\"http:\/\/www.jlu.u-psud.fr\/wp-content\/uploads\/2019\/01\/affiche_JLU_2015-212x300.jpg\" alt=\"\" width=\"212\" height=\"300\" srcset=\"https:\/\/www.jlu.universite-paris-saclay.fr\/wp-content\/uploads\/2019\/01\/affiche_JLU_2015-212x300.jpg 212w, https:\/\/www.jlu.universite-paris-saclay.fr\/wp-content\/uploads\/2019\/01\/affiche_JLU_2015-768x1087.jpg 768w, https:\/\/www.jlu.universite-paris-saclay.fr\/wp-content\/uploads\/2019\/01\/affiche_JLU_2015-723x1024.jpg 723w, https:\/\/www.jlu.universite-paris-saclay.fr\/wp-content\/uploads\/2019\/01\/affiche_JLU_2015.jpg 1556w\" sizes=\"auto, (max-width: 212px) 100vw, 212px\" \/><\/p>\n<p><em>\u00a0<\/em><a class=\"external\" href=\"http:\/\/www.video.u-psud.fr\/Mediasite\/Play\/040b7b7be0d34ad0995c6b7ad9f7f9931d\" target=\"_blank\" rel=\"noopener\"><strong>Une s\u00e9rie de Mooc \u00ab enseigner et former avec le num\u00e9rique \u00bb :\u00a0objectifs, sp\u00e9cificit\u00e9s, retours<\/strong><\/a><\/p>\n<p><strong>\u00c9ric Bruillard<\/strong> <em>(professeur des Universit\u00e9s et directeur du laboratoire STEF (Sciences, Techniques, Education et Formation) de l\u2019Ecole Nationale Sup\u00e9rieure de Cachan)<\/em><\/p>\n<p>Nous pr\u00e9senterons les objectifs, la mise en \u0153uvre et les retours du Mooc eFAN (enseigner et former avec le num\u00e9rique), \u00e0 partir \u00a0des deux sessions qui auront eu lieu, ainsi que les Mooc compl\u00e9mentaires : langues, formateur d\u2019adultes et math\u00e9matiques. Nous d\u00e9crirons les questions li\u00e9es au contenu m\u00eame du Mooc, c\u2019est-\u00e0-dire ce qui a trait \u00e0 l\u2019enseignement avec les technologies num\u00e9riques avec une focalisation particuli\u00e8re sur les activit\u00e9s collectives en formation.<\/p>\n<p><em>\u00a0<\/em><a class=\"external\" href=\"http:\/\/www.video.u-psud.fr\/Mediasite\/Play\/8bf10be84635475eaac3aa016d16e7ab1d\" target=\"_blank\" rel=\"noopener\"><strong>Du lyc\u00e9e \u00e0 l\u2019Universit\u00e9, Unisciel accompagne les enseignants<\/strong><\/a><\/p>\n<p><em>\u00a0<\/em><strong>Sophie Jequier<\/strong>, <em>ma\u00eetre de conf\u00e9rence \u00e0 l\u2019universit\u00e9 de Bordeaux, animatrice du groupe p\u00e9dagogie d\u2019Unisciel<\/em><\/p>\n<p><a class=\"external\" href=\"http:\/\/www.unisciel.fr\/\">Unisciel<\/a>, l\u2019Universit\u00e9 des Sciences en Ligne propose accessibles en ligne \u00e0 tous, des heures de ressources de formats et de niveaux diff\u00e9rents mais aussi pour les membres des \u00e9tablissements partenaires, des retours d\u2019exp\u00e9riences, des t\u00e9moignages, des communaut\u00e9s de pratiques et des dispositifs. Cette pr\u00e9sentation a pour objectifs de vous faire d\u00e9couvrir Unisciel, de vous guider parmi les ressources et de vous pr\u00e9senter les actions en cours notamment celles li\u00e9es \u00e0 la transition lyc\u00e9e \u2013 universit\u00e9 susceptibles de vous int\u00e9resser. Nous \u00e9voquerons aussi comment participer aux projets en cours par l\u00a0\u2018\u00e9criture de ressources, de sc\u00e9narios, en partageant des exp\u00e9riences ou encore en rejoignant les diff\u00e9rentes groupes de r\u00e9flexion d\u2019Unisciel.<\/p>\n<p><strong>Approches par projets et interdisciplinarit\u00e9 (Evolution des pratiques). <\/strong><a href=\"http:\/\/www.jlu.u-psud.fr\/wp-content\/uploads\/2018\/02\/Approches-par-projets-et-interdisciplinarit\u00e9.pdf\" target=\"_blank\" rel=\"noopener\">T\u00e9l\u00e9charger les supports de l&rsquo;atelier<\/a><\/p>\n<p><strong>Martine THOMAS<\/strong>, <em>enseignante-chercheur \u00e0 l&rsquo;Universit\u00e9 Paris-Sud,\u00a0<\/em><strong>C\u00e9cile NARCE<\/strong>,\u00a0<em>enseignante-chercheur \u00e0 l&rsquo;Universit\u00e9 Paris-Sud,\u00a0<\/em><strong>Fabienne BERNARD<\/strong>,\u00a0<em>enseignante-chercheur \u00e0 l&rsquo;Universit\u00e9 Paris-Sud<\/em>\u00a0et <strong>Thomas\u00a0BODAERT<\/strong><\/p>\n<p>L\u2019entr\u00e9e en Licence des nouvelles g\u00e9n\u00e9rations de lyc\u00e9ens peut repr\u00e9senter une rupture du fait des habitudes universitaires de cloisonnement disciplinaire. Dans ce cadre, cet atelier propose d\u2019\u00e9changer autour de la notion d\u2019interdisciplinarit\u00e9 et sur l\u2019efficacit\u00e9 de l\u2019apprentissage par projet pour la mettre en \u0153uvre.<\/p>\n<p>Les discussions pourront s\u2019organiser selon le profil et les attentes des participants autour des points suivants\u00a0:<\/p>\n<ul>\n<li>impact sur la motivation des \u00e9tudiants<\/li>\n<li>impact sur la motivation des enseignants et la f\u00e9d\u00e9ration d\u2019\u00e9quipes p\u00e9dagogiques interdisciplinaires<\/li>\n<li>charge et implication des enseignants<\/li>\n<li>contraintes administratives (taux d\u2019encadrement, locaux)<\/li>\n<li>avantages et inconv\u00e9nients sur l\u2019apprentissage<\/li>\n<\/ul>\n<p>Nous nous appuierons, entre autres, sur notre retour d\u2019exp\u00e9rience d\u2019apprentissage par projets inductifs mis en place depuis septembre 2013 \u00e0 l\u2019Institut Villebon-<em>Georges Charpak<\/em> dans le cadre de la Licence Sciences et Technologies cohabilit\u00e9e par les universit\u00e9s Paris-Sud et Paris Descartes en partenariat avec ParisTech.<\/p>\n<p><strong>D\u00e9finir et mettre en oeuvre des objectifs d&rsquo;apprentissage\u00a0<\/strong><strong><a class=\"download\" href=\"http:\/\/www.jlu.u-psud.fr\/wp-content\/uploads\/2018\/02\/Atelier-apprentissage-par-objectifs.pdf\" target=\"_blank\" rel=\"noopener\">T\u00e9l\u00e9charger les supports de l\u2019atelier<\/a><\/strong><\/p>\n<p><strong>Caroline VERGNE<\/strong>,\u00a0<em>PRAG \u00e0 l&rsquo;Universit\u00e9 Paris-Sud,\u00a0<\/em><strong>Tr\u00e2m DANG NGOC<\/strong>,\u00a0<strong>Philippe DOUBLET<\/strong>,\u00a0<em>PRAG \u00e0 l&rsquo;Universit\u00e9 Paris-Sud<\/em><\/p>\n<p>Apr\u00e8s un contr\u00f4le ou un examen, avez-vous d\u00e9j\u00e0 entendu des \u00e9tudiants dire : \u00a0\u00bb Pfff, le sujet ne correspond pas du tout \u00e0 ce que j&rsquo;ai travaill\u00e9 pour le pr\u00e9parer\u00a0\u00bb ou bien \u00ab\u00a0le sujet est trop dur, rien \u00e0 voir avec les TDs et le cours &#8230;\u00a0\u00bb ? Et pourtant, durant toute la formation des indications sont fournies pour pr\u00e9parer l&rsquo;examen. Conscients de ces d\u00e9calages, comment pouvons nous r\u00e9duire cet \u00e9cart ?<\/p>\n<p>Au cours de cet atelier, nous aborderons les questions suivantes : Pourquoi et comment les objectifs d&rsquo;apprentissage favorisent la compr\u00e9hension des \u00e9tudiants sur nos attentes ? Comment formuler un objectif coh\u00e9rent avec nos intentions d&rsquo;enseignement ? Quels sont les pi\u00e8ges \u00e0 \u00e9viter ?<em>\u00a0<\/em><\/p>\n","protected":false},"excerpt":{"rendered":"<p>JLU 2015 \u00a0Une s\u00e9rie de Mooc \u00ab enseigner et former avec le num\u00e9rique \u00bb :\u00a0objectifs, sp\u00e9cificit\u00e9s, retours \u00c9ric Bruillard (professeur des Universit\u00e9s et directeur du laboratoire STEF (Sciences, Techniques, Education et Formation) de l\u2019Ecole Nationale Sup\u00e9rieure de Cachan) Nous pr\u00e9senterons les objectifs, la mise en \u0153uvre et les retours du Mooc eFAN (enseigner et former &hellip; <\/p>\n<p class=\"link-more\"><a href=\"https:\/\/www.jlu.universite-paris-saclay.fr\/?page_id=270\" class=\"more-link\">Continuer la lecture<span class=\"screen-reader-text\"> de &laquo;&nbsp;JLU 2015&nbsp;&raquo;<\/span><\/a><\/p>\n","protected":false},"author":7,"featured_media":0,"parent":0,"menu_order":0,"comment_status":"closed","ping_status":"closed","template":"","meta":{"footnotes":""},"class_list":["post-270","page","type-page","status-publish","hentry"],"_links":{"self":[{"href":"https:\/\/www.jlu.universite-paris-saclay.fr\/index.php?rest_route=\/wp\/v2\/pages\/270","targetHints":{"allow":["GET"]}}],"collection":[{"href":"https:\/\/www.jlu.universite-paris-saclay.fr\/index.php?rest_route=\/wp\/v2\/pages"}],"about":[{"href":"https:\/\/www.jlu.universite-paris-saclay.fr\/index.php?rest_route=\/wp\/v2\/types\/page"}],"author":[{"embeddable":true,"href":"https:\/\/www.jlu.universite-paris-saclay.fr\/index.php?rest_route=\/wp\/v2\/users\/7"}],"replies":[{"embeddable":true,"href":"https:\/\/www.jlu.universite-paris-saclay.fr\/index.php?rest_route=%2Fwp%2Fv2%2Fcomments&post=270"}],"version-history":[{"count":4,"href":"https:\/\/www.jlu.universite-paris-saclay.fr\/index.php?rest_route=\/wp\/v2\/pages\/270\/revisions"}],"predecessor-version":[{"id":325,"href":"https:\/\/www.jlu.universite-paris-saclay.fr\/index.php?rest_route=\/wp\/v2\/pages\/270\/revisions\/325"}],"wp:attachment":[{"href":"https:\/\/www.jlu.universite-paris-saclay.fr\/index.php?rest_route=%2Fwp%2Fv2%2Fmedia&parent=270"}],"curies":[{"name":"wp","href":"https:\/\/api.w.org\/{rel}","templated":true}]}}