{"id":217,"date":"2018-05-14T07:52:15","date_gmt":"2018-05-14T06:52:15","guid":{"rendered":"http:\/\/www.jlu.u-psud.fr\/?page_id=217"},"modified":"2026-05-04T14:02:11","modified_gmt":"2026-05-04T13:02:11","slug":"inscriptions","status":"publish","type":"page","link":"https:\/\/www.jlu.universite-paris-saclay.fr\/?page_id=217","title":{"rendered":"Inscriptions"},"content":{"rendered":"<p><a href=\"https:\/\/admin-sphinx.universite-paris-saclay.fr\/SurveyServer\/s\/pedagogie\/Inscription_JLU-ateliers_23\/questionnaire.htm\"><img loading=\"lazy\" decoding=\"async\" class=\" wp-image-773 alignleft\" src=\"http:\/\/www.jlu.universite-paris-saclay.fr\/wp-content\/uploads\/2023\/04\/index.png\" alt=\"\" width=\"103\" height=\"103\" srcset=\"https:\/\/www.jlu.universite-paris-saclay.fr\/wp-content\/uploads\/2023\/04\/index.png 225w, https:\/\/www.jlu.universite-paris-saclay.fr\/wp-content\/uploads\/2023\/04\/index-150x150.png 150w, https:\/\/www.jlu.universite-paris-saclay.fr\/wp-content\/uploads\/2023\/04\/index-100x100.png 100w\" sizes=\"auto, (max-width: 103px) 100vw, 103px\" \/><\/a>Les inscriptions \u00e0 la JLU du 20 mai 2026, incluant le repas, sont d\u00e9sormais closes.\u00a0<\/p>\n<p>Celles sans repas restent ouvertes jusqu&rsquo;au <strong>17 mai 2026 \u00e0 12h00.<\/strong><\/p>\n<p>Les <strong>personnes inscrites au Plan Acad\u00e9mique de Formation (PAF) sont invit\u00e9es \u00e0 faire une 2\u00e8me inscription sur ce site<\/strong>. Ceci nous permettra de mieux anticiper les travaux de groupe et v\u00e9rifier le nombre de repas \u00e0 r\u00e9server.<\/p>\n<p>Lien d&rsquo;inscription : <a href=\"https:\/\/admin-sphinx.universite-paris-saclay.fr\/SurveyServer\/s\/pedagogie\/InscriptionJLU2026\/questionnaire.htm\">ICI\u00a0<\/a><\/p>\n<p>Pour toute inscription tardive hors PAF (dans la limite des places disponibles), \u00e9crivez directement au contact ci-dessous.\u00a0<\/p>\n<h5>Contact\u00a0<\/h5>\n<p><a href=\"mailto:jlu.sciences@universite-paris-saclay.fr\">guislaine.refregier@universite-paris-saclay.fr<\/a><br \/><a href=\"mailto:jlu.sciences@universite-paris-saclay.fr\">jlu.sciences@universite-paris-saclay.fr\u00a0<\/a><\/p>\n\n\n<p><\/p>\n\n\n\n<p><\/p>\n","protected":false},"excerpt":{"rendered":"<p>Les inscriptions \u00e0 la JLU du 20 mai 2026, incluant le repas, sont d\u00e9sormais closes.\u00a0 Celles sans repas restent ouvertes jusqu&rsquo;au 17 mai 2026 \u00e0 12h00. Les personnes inscrites au Plan Acad\u00e9mique de Formation (PAF) sont invit\u00e9es \u00e0 faire une 2\u00e8me inscription sur ce site. Ceci nous permettra de mieux anticiper les travaux de groupe &hellip; <\/p>\n<p class=\"link-more\"><a href=\"https:\/\/www.jlu.universite-paris-saclay.fr\/?page_id=217\" class=\"more-link\">Continuer la lecture<span class=\"screen-reader-text\"> de &laquo;&nbsp;Inscriptions&nbsp;&raquo;<\/span><\/a><\/p>\n","protected":false},"author":3,"featured_media":0,"parent":0,"menu_order":0,"comment_status":"closed","ping_status":"closed","template":"","meta":{"footnotes":""},"class_list":["post-217","page","type-page","status-publish","hentry"],"_links":{"self":[{"href":"https:\/\/www.jlu.universite-paris-saclay.fr\/index.php?rest_route=\/wp\/v2\/pages\/217","targetHints":{"allow":["GET"]}}],"collection":[{"href":"https:\/\/www.jlu.universite-paris-saclay.fr\/index.php?rest_route=\/wp\/v2\/pages"}],"about":[{"href":"https:\/\/www.jlu.universite-paris-saclay.fr\/index.php?rest_route=\/wp\/v2\/types\/page"}],"author":[{"embeddable":true,"href":"https:\/\/www.jlu.universite-paris-saclay.fr\/index.php?rest_route=\/wp\/v2\/users\/3"}],"replies":[{"embeddable":true,"href":"https:\/\/www.jlu.universite-paris-saclay.fr\/index.php?rest_route=%2Fwp%2Fv2%2Fcomments&post=217"}],"version-history":[{"count":48,"href":"https:\/\/www.jlu.universite-paris-saclay.fr\/index.php?rest_route=\/wp\/v2\/pages\/217\/revisions"}],"predecessor-version":[{"id":1136,"href":"https:\/\/www.jlu.universite-paris-saclay.fr\/index.php?rest_route=\/wp\/v2\/pages\/217\/revisions\/1136"}],"wp:attachment":[{"href":"https:\/\/www.jlu.universite-paris-saclay.fr\/index.php?rest_route=%2Fwp%2Fv2%2Fmedia&parent=217"}],"curies":[{"name":"wp","href":"https:\/\/api.w.org\/{rel}","templated":true}]}}