{"id":147,"date":"2018-02-19T14:57:10","date_gmt":"2018-02-19T13:57:10","guid":{"rendered":"http:\/\/www.jlu.u-psud.fr\/?page_id=147"},"modified":"2019-01-25T10:21:40","modified_gmt":"2019-01-25T09:21:40","slug":"les-ressources-des-jlu","status":"publish","type":"page","link":"https:\/\/www.jlu.universite-paris-saclay.fr\/?page_id=147","title":{"rendered":"JLU 2018"},"content":{"rendered":"<h2>JLU 2018<\/h2>\n<p><img loading=\"lazy\" decoding=\"async\" class=\"alignnone size-medium wp-image-320\" src=\"http:\/\/www.jlu.u-psud.fr\/wp-content\/uploads\/2019\/01\/affiche_JLU_2018-212x300.jpg\" alt=\"\" width=\"212\" height=\"300\" srcset=\"https:\/\/www.jlu.universite-paris-saclay.fr\/wp-content\/uploads\/2019\/01\/affiche_JLU_2018-212x300.jpg 212w, https:\/\/www.jlu.universite-paris-saclay.fr\/wp-content\/uploads\/2019\/01\/affiche_JLU_2018-768x1087.jpg 768w, https:\/\/www.jlu.universite-paris-saclay.fr\/wp-content\/uploads\/2019\/01\/affiche_JLU_2018-723x1024.jpg 723w, https:\/\/www.jlu.universite-paris-saclay.fr\/wp-content\/uploads\/2019\/01\/affiche_JLU_2018.jpg 1554w\" sizes=\"auto, (max-width: 212px) 100vw, 212px\" \/><\/p>\n<p>Voir le <a href=\"http:\/\/www.jlu.u-psud.fr\/wp-content\/uploads\/2018\/11\/FLYER_PROGRAMME_JLU2018.pdf\" target=\"_blank\" rel=\"noopener\">programme de la JLU du 16 mai 2018<\/a><\/p>\n<p><strong>Conf\u00e9rence \u00ab\u00a0La comp\u00e9tence en formation\u00a0\u00bb<br \/>\n<\/strong>Intervenant : Gilles Ulhrich, ma\u00eetre de conf\u00e9rence en ergonomie cognitive, Universit\u00e9 Paris-Sud.<\/p>\n<p><em>Comment envisager la construction de comp\u00e9tences dans le cadre de la formation d\u2019\u00e9l\u00e8ves et d\u2019\u00e9tudiants alors que le concept prend diff\u00e9rents sens selon le point de vue envisag\u00e9 ? Quelles sont les cons\u00e9quences sur la mise en \u0153uvre de dispositifs d\u2019apprentissage particuli\u00e8rement dans une logique de pr\u00e9 professionnalisation ? <\/em><\/p>\n<p><em>Dans cette dynamique, nous proposerons des \u00e9l\u00e9ments de caract\u00e9risation de la notion de comp\u00e9tence puis nous envisagerons une interpr\u00e9tation \u00e0 propos de la difficile transposition de ce concept issu du monde professionnel dans une logique de formation pour finir sur quelques r\u00e9flexions \u00e0 propos de la mise en place de dispositifs utiles pour l&rsquo;apprentissage<\/em><\/p>\n<p><a href=\"http:\/\/www.jlu.u-psud.fr\/wp-content\/uploads\/2018\/09\/CONFERENCE_Comp\u00e9tencesenFormation-1.pdf\">La comp\u00e9tence en formation<\/a><br \/>\n<a href=\"http:\/\/www.video.u-psud.fr\/Mediasite\/Play\/c606195fe0874683b95b867efe171bb41d\">Acc\u00e9der \u00e0 la captation vid\u00e9o de la conf\u00e9rence<\/a><\/p>\n<p><strong>\u00ab Les plateformes en ligne, des outils d&rsquo;aide \u00e0 la r\u00e9ussite \u00bb<br \/>\n<\/strong><em><span class=\"author-a-3z68zz83zlz74z0z86zdz85zxa003z73zo\">F. Rouyer pr\u00e9sentera le projet IDEA \u00ab\u00a0R\u00e9ussir\u00a0 en licence\u00a0\u00bb mise en \u0153uvre en 2014<\/span><span class=\"author-a-z83zxz89zz76zbz80zfz68zxz69zz89zi6z89zz69zz84z\"> en licence Physique, Chime\u00a0 et\u00a0<\/span><span class=\"author-a-3z68zz83zlz74z0z86zdz85zxa003z73zo\"> en premi\u00e8re ann\u00e9e de licence\u00a0<\/span> <span class=\"author-a-3z68zz83zlz74z0z86zdz85zxa003z73zo\">\u00ab\u00a0Sciences pour l&rsquo;ing\u00e9nieur\u00a0\u00bb\u00a0<\/span><span class=\"author-a-z83zxz89zz76zbz80zfz68zxz69zz89zi6z89zz69zz84z\"> de l&rsquo;Universit\u00e9 Paris-Est Marne-la-Vall\u00e9e <\/span><span class=\"author-a-3z68zz83zlz74z0z86zdz85zxa003z73zo\">pour aider \u00e0 la transition lyc\u00e9e-universit\u00e9 : accompagnements m\u00e9thodologique<\/span><span class=\"author-a-8yz75zh53lz66zz81zjyz66z8z72zz67zo\">s<\/span><span class=\"author-a-3z68zz83zlz74z0z86zdz85zxa003z73zo\">, r\u00e9flexif<\/span><span class=\"author-a-8yz75zh53lz66zz81zjyz66z8z72zz67zo\">s<\/span><span class=\"author-a-3z68zz83zlz74z0z86zdz85zxa003z73zo\"> et disciplinaires en s&rsquo;appuyant sur les plateformes MOODLE et WIMS. M.C. David <\/span><span class=\"author-a-8yz75zh53lz66zz81zjyz66z8z72zz67zo\">pr\u00e9sentera<\/span><span class=\"author-a-3z68zz83zlz74z0z86zdz85zxa003z73zo\">\u00a0 la plateforme WIMS et d<\/span><span class=\"author-a-8yz75zh53lz66zz81zjyz66z8z72zz67zo\">es ressources liaison lyc\u00e9e-universit\u00e9<\/span><span class=\"author-a-3z68zz83zlz74z0z86zdz85zxa003z73zo\">. Enfin, B. Mifsud <\/span><span class=\"author-a-8yz75zh53lz66zz81zjyz66z8z72zz67zo\">expliquera<\/span><span class=\"author-a-3z68zz83zlz74z0z86zdz85zxa003z73zo\"> comment les <\/span><span class=\"author-a-z72zfz66zvz86zz89zz71zz73zz90zz71zz72zz71zrz81zso\">professeurs de math\u00e9matiques du lyc\u00e9e Jean Perrin \u00e0 Marseille, par un travail collaboratif,\u00a0<\/span><span class=\"author-a-3z68zz83zlz74z0z86zdz85zxa003z73zo\"> se sont empar\u00e9s de la plateforme WIMS pour proposer un accompagnement <\/span><span class=\"author-a-z72zfz66zvz86zz89zz71zz73zz90zz71zz72zz71zrz81zso\">\u00e0 tous les \u00e9l\u00e8ves du lyc\u00e9e.<\/span><span class=\"author-a-3z68zz83zlz74z0z86zdz85zxa003z73zo\"> Les pr\u00e9sentations seront suivies d&rsquo;un \u00e9change avec la salle.<br \/>\n<\/span><\/em><a href=\"http:\/\/www.jlu.u-psud.fr\/wp-content\/uploads\/2018\/09\/diapo_session_WIMS.pdf\">Utilisation de WIMS au lyc\u00e9e<\/a><br \/>\n<a href=\"http:\/\/www.jlu.u-psud.fr\/wp-content\/uploads\/2018\/07\/poster-Mifsud.pdf\" target=\"_blank\" rel=\"noopener\">Math\u00e9matiques au lyc\u00e9e Jean Perrin (poster)<\/a><br \/>\n<a href=\"http:\/\/www.jlu.u-psud.fr\/wp-content\/uploads\/2018\/07\/diapo_JLU-Mifsud.pdf\" target=\"_blank\" rel=\"noopener\">Math\u00e9matiques au lyv\u00e9e Jean Perrin (prez)<\/a><\/p>\n<p><strong>\u00ab\u00a0Serious game, p\u00e9dagogies actives &#8230;. Comment enseigner autrement la Biologie \u00a0\u00bb<br \/>\n<\/strong>Intervenants\u00a0: C. Andr\u00e9, lyc\u00e9e , M. Fenaert, lyc\u00e9e,\u00a0 M. Locker &amp;\u00a0 F. Agn\u00e8s, universit\u00e9 Paris-Sud.<\/p>\n<div>\n<p><em>Vous pensez maitriser vos fondamentaux en Biologie? Venez vous tester lors d&rsquo;un escape game p\u00e9dagogique !<br \/>\n<\/em><em>Vous souhaitez faire \u00e9voluer vos enseignements et tester d&rsquo;autres pratiques? Rejoignez nous et discutons en !<br \/>\n<\/em><a href=\"http:\/\/www.jlu.u-psud.fr\/wp-content\/uploads\/2018\/07\/Debrief-JLU-et-EG-Code-Nobel-1S1.pdf\" target=\"_blank\" rel=\"noopener\">Serious game<\/a><\/p>\n<\/div>\n<p><strong>\u00ab Comment d\u00e9velopper l\u2019autonomie et la r\u00e9gulation des apprentissages chez les \u00e9l\u00e8ves et les \u00e9tudiants ? \u00bb<br \/>\n<\/strong>Intervenants\u00a0: T. F\u00e9vrier, Institut Villebon-Charpak \u2013 P. Pamphile , IUT de Sceaux, N. Vendasi,\u00a0 Lyc\u00e9e Saint Louis Saint Cl\u00e9ment \u00e0 Viry-Ch\u00e2tillon<\/p>\n<p><em>Cette session de retours d&rsquo;exp\u00e9rience porte sur les dispositifs mis en \u0153uvre au niveau d&rsquo;une formation (cours, classe). Les intervenants pr\u00e9senteront 3 dispositifs mis en \u0153uvre \u00e0 l&rsquo;universit\u00e9 et au lyc\u00e9e pour favoriser la r\u00e9gulation des apprentissages chez les \u00e9l\u00e8ves et les \u00e9tudiants : <a href=\"https:\/\/coggle.it\/diagram\/Wr_ct4YOwTxGbEBS\/t\/ma-classe-coop%C3%A9rative-en-physique-chimie\/9d89af4b201562e5c11448d685ec6dd7f37f0d086eee2821cc69fb999c668d95\" target=\"_blank\" rel=\"noopener\">classe num\u00e9rique collaborative en seconde<\/a>, choix par les \u00e9tudiants entre deux pratiques p\u00e9dagogiques \u00e0 l&rsquo;institut Villebon-Charpak, utilisation de \u00ab\u00a0l&rsquo;effet testing\u00a0\u00bb en IUT. Les pr\u00e9sentations seront suivies d&rsquo;une discussion.<br \/>\n<\/em><a href=\"http:\/\/www.jlu.u-psud.fr\/wp-content\/uploads\/2018\/07\/poster-Vendasi.pdf\" target=\"_blank\" rel=\"noopener\">Classe collaborative en seconde<\/a><br \/>\n<a href=\"http:\/\/www.jlu.u-psud.fr\/wp-content\/uploads\/2018\/07\/fiche-recette-TD-Diff\u00e9renci\u00e9s.pdf\" target=\"_blank\" rel=\"noopener\">TD diff\u00e9renci\u00e9s<\/a><\/p>\n<p><strong>\u00ab <span class=\"author-a-3z68zz83zlz74z0z86zdz85zxa003z73zo\">Quand les comp\u00e9tences \u00e0 acqu\u00e9rir guident les apprentissages<\/span> \u00bb<br \/>\n<\/strong>Intervenants\u00a0: M. Thomas\/F. Brouillard, Institut Villebon-Charpak \u2013 B. Darracq\/P. Aubert\/B. Vincke IUT d\u2019Orsay \u2013 J. Breyault, IUT de S\u00e9nart-Fontainebleau &#8211; F. Bont\u00e9, Lyc\u00e9e Jean Monnet<br \/>\nLa Queue-Lez-Yvelines<\/p>\n<div id=\"magicdomid5\" class=\"\"><em><span class=\"author-a-nm6bkmaz76zz73zz89zz77zgckz85zp\">Cette session de retours d&rsquo;exp\u00e9rience porte sur les comp\u00e9tences mobilis\u00e9es et d\u00e9velopp\u00e9es par les \u00e9tudiants dans le<\/span><span class=\"author-a-3z68zz83zlz74z0z86zdz85zxa003z73zo\">urs apprentissages<\/span><span class=\"author-a-nm6bkmaz76zz73zz89zz77zgckz85zp\">. Les intervenants pr\u00e9senteront <\/span><span class=\"author-a-3z68zz83zlz74z0z86zdz85zxa003z73zo\">4<\/span><span class=\"author-a-nm6bkmaz76zz73zz89zz77zgckz85zp\"> contextes diff\u00e9rents<\/span><span class=\"author-a-3z68zz83zlz74z0z86zdz85zxa003z73zo\"> du lyc\u00e9e \u00e0 l&rsquo;universit\u00e9<\/span><span class=\"author-a-nm6bkmaz76zz73zz89zz77zgckz85zp\"> :\u00a0<\/span><\/em><\/div>\n<div id=\"magicdomid6\" class=\"\"><em><span class=\"author-a-3z68zz83zlz74z0z86zdz85zxa003z73zo\">les comp\u00e9tences d\u00e9velopp\u00e9es par les \u00e9l\u00e8ves lors des travaux personnels encadr\u00e9s au lyc\u00e9e, <a href=\"http:\/\/www.jlu.u-psud.fr\/wp-content\/uploads\/2018\/07\/JLU2018-IUT-orsay-SF.pdf\" target=\"_blank\" rel=\"noopener\">le d\u00e9veloppement des comp\u00e9tences pour l&rsquo;int\u00e9gration dans le milieu professionnel<\/a> (codes de conduite, de communication, travail d&rsquo;\u00e9quipe) au travers des projets tutor\u00e9s \u00e0 l&rsquo;IUT d&rsquo;Orsay, l&rsquo;identification des comp\u00e9tences transversales ainsi que la mise en oeuvre de l&rsquo;\u00e9valuation de la progression des \u00e9l\u00e8ves sur deux ans \u00e0 l&rsquo;Institut Villebon-Charpak et enfin la <a href=\"http:\/\/www.jlu.u-psud.fr\/wp-content\/uploads\/2018\/09\/LP-ASSR_competences_U-PSUD_20180516.pdf\">mise en place d&rsquo;une d\u00e9marche comp\u00e9tences<\/a> (de l&rsquo;\u00e9laboration \u00e0 son impl\u00e9mentation au travers d&rsquo;un e-portfolio) \u00e0 l&rsquo;IUT de <\/span><span class=\"author-a-z89zz67z8dz71zhz75zz74zmaz86z5z84z1yz75z\">S\u00e9nart\/<\/span><span class=\"author-a-3z68zz83zlz74z0z86zdz85zxa003z73zo\">Fontainebleau. <\/span><\/em><\/div>\n<p>&nbsp;<\/p>\n<p><strong>\u00ab\u00a0TP ouverts, \u00e9valuation des comp\u00e9tences exp\u00e9rimentales\u00a0\u00bb<\/strong><br \/>\nIntervenants : F. Bouquet, G. Latour, Universit\u00e9 Paris-Sud, P. Cherbuin, <em>l<\/em>yc\u00e9e\u00a0Robert Doisneau Corbeil-Essonne<\/p>\n<div id=\"magicdomid135\" class=\"ace-line\"><em><span class=\"author-a-3z68zz83zlz74z0z86zdz85zxa003z73zo\">Cette session de retours d&rsquo;exp\u00e9rience est consacr\u00e9e au d\u00e9veloppement des comp\u00e9tences exp\u00e9rimentales chez les \u00e9l\u00e8ves et les \u00e9tudiants. F. Bouquet pr\u00e9sentera un mod\u00e8le de TP bas\u00e9 une d\u00e9marche <span class=\"author-a-s3rz71zz66zvc6t8z72zooz82zz74zl\">exp\u00e9rimentale <\/span>: <span class=\"author-a-s3rz71zz66zvc6t8z72zooz82zz74zl\">d\u00e9couverte de la mesure, diff\u00e9rence entre id\u00e9al th\u00e9orique et r\u00e9alit\u00e9 exp\u00e9rimentale.<\/span>, P. Cherbuin <\/span><\/em><em><span class=\"author-a-3z68zz83zlz74z0z86zdz85zxa003z73zo\">et G. Latour pr\u00e9senteront respectivement des retours d&rsquo;exp\u00e9rience sur l&rsquo;\u00e9valuation des comp\u00e9tences exp\u00e9rimentales au lyc\u00e9e et dans l&rsquo;enseignement de l&rsquo;optique ondulatoire le 2\u00e8me ann\u00e9e de licence (en s\u00e9ance et au niveau de la r\u00e9daction de compte-rendus).. Les pr\u00e9sentations seront suivies d&rsquo;une discussion avec la salle.<\/span><\/em><\/div>\n<div id=\"magicdomid13\" class=\"\"><a href=\"http:\/\/www.jlu.u-psud.fr\/wp-content\/uploads\/2018\/07\/JLU-2018-bouquet.pdf\" target=\"_blank\" rel=\"noopener\">Les \u00e9tudiants fabriquent leur propre TP<\/a> et <a href=\"http:\/\/www.persay.universite-paris-saclay.fr\/?p=3158\" target=\"_blank\" rel=\"noopener\">un article sur Persay<\/a><\/div>\n<div>\n<p>&nbsp;<\/p>\n<p><strong>\u00ab\u00a0Formuler les objectifs d&rsquo;apprentissage d&rsquo;un enseignement\u00a0\u00bb<\/strong><br \/>\nIntervenants : E. Douarche, M. Locker et Diana Foglizzo, Universit\u00e9 Paris-Sud<\/p>\n<\/div>\n<div><em>A travers diff\u00e9rentes situations pratiques, cet atelier propose de s&rsquo;exercer \u00e0 la formulation d&rsquo;objectifs d&rsquo;apprentissages explicites et d&rsquo;en appr\u00e9hender les effets pour l&rsquo;\u00e9tudiant et pour l&rsquo;enseignant.<\/em><\/div>\n<div><a href=\"http:\/\/www.jlu.u-psud.fr\/wp-content\/uploads\/2018\/09\/2018-05-16_Diapos-JLU-objectifs-dapprentissage.pptx\">Diapo de l&rsquo;atelier<\/a><\/div>\n","protected":false},"excerpt":{"rendered":"<p>JLU 2018 Voir le programme de la JLU du 16 mai 2018 Conf\u00e9rence \u00ab\u00a0La comp\u00e9tence en formation\u00a0\u00bb Intervenant : Gilles Ulhrich, ma\u00eetre de conf\u00e9rence en ergonomie cognitive, Universit\u00e9 Paris-Sud. Comment envisager la construction de comp\u00e9tences dans le cadre de la formation d\u2019\u00e9l\u00e8ves et d\u2019\u00e9tudiants alors que le concept prend diff\u00e9rents sens selon le point de &hellip; <\/p>\n<p class=\"link-more\"><a href=\"https:\/\/www.jlu.universite-paris-saclay.fr\/?page_id=147\" class=\"more-link\">Continuer la lecture<span class=\"screen-reader-text\"> de &laquo;&nbsp;JLU 2018&nbsp;&raquo;<\/span><\/a><\/p>\n","protected":false},"author":3,"featured_media":0,"parent":0,"menu_order":0,"comment_status":"closed","ping_status":"closed","template":"","meta":{"footnotes":""},"class_list":["post-147","page","type-page","status-publish","hentry"],"_links":{"self":[{"href":"https:\/\/www.jlu.universite-paris-saclay.fr\/index.php?rest_route=\/wp\/v2\/pages\/147","targetHints":{"allow":["GET"]}}],"collection":[{"href":"https:\/\/www.jlu.universite-paris-saclay.fr\/index.php?rest_route=\/wp\/v2\/pages"}],"about":[{"href":"https:\/\/www.jlu.universite-paris-saclay.fr\/index.php?rest_route=\/wp\/v2\/types\/page"}],"author":[{"embeddable":true,"href":"https:\/\/www.jlu.universite-paris-saclay.fr\/index.php?rest_route=\/wp\/v2\/users\/3"}],"replies":[{"embeddable":true,"href":"https:\/\/www.jlu.universite-paris-saclay.fr\/index.php?rest_route=%2Fwp%2Fv2%2Fcomments&post=147"}],"version-history":[{"count":35,"href":"https:\/\/www.jlu.universite-paris-saclay.fr\/index.php?rest_route=\/wp\/v2\/pages\/147\/revisions"}],"predecessor-version":[{"id":323,"href":"https:\/\/www.jlu.universite-paris-saclay.fr\/index.php?rest_route=\/wp\/v2\/pages\/147\/revisions\/323"}],"wp:attachment":[{"href":"https:\/\/www.jlu.universite-paris-saclay.fr\/index.php?rest_route=%2Fwp%2Fv2%2Fmedia&parent=147"}],"curies":[{"name":"wp","href":"https:\/\/api.w.org\/{rel}","templated":true}]}}